{"id":4,"date":"2013-03-15T12:36:27","date_gmt":"2013-03-15T12:36:27","guid":{"rendered":"http:\/\/lawyers-attorneys.vamtam.com\/?page_id=4"},"modified":"2023-10-17T18:16:54","modified_gmt":"2023-10-17T21:16:54","slug":"home","status":"publish","type":"page","link":"http:\/\/petroni.com.br\/site\/","title":{"rendered":"Home"},"content":{"rendered":"<div class=\"push\" style='height:50px'><\/div>\n<div class=\"row \"><div class=\"wpv-grid grid-1-5  wpv-first-level first unextended animation-from-bottom animated-active\" style=\"padding-top:0px;padding-bottom:0px\" id=\"wpv-column-3af063050345ea43e894e61787c38160\" ><div class=\"row \"><div class=\"wpv-grid grid-1-1  first unextended\" style=\"padding-top:0px;padding-bottom:0px\" id=\"wpv-column-bd7467a479831b56ed7fe0c5e5ead52f\" ><div class=\"services clearfix fullimage no-image has-icon has-button \" style=\"text-align:left;\">\r\n\t<div class=\"services-inside\">\r\n\t\t\t\t\t\t\t\t\t<div class=\"thumbnail\">\r\n\t\t\t\t\t\t\t\t\t\t\t<a href=\"https:\/\/petroni.com.br\/site\/apresentacao\/\" title=\"Direito Criminal\" class=\"\">\r\n\t\t\t\t\t\t\t\t\t\t\t\t\t\t\t\t\t\t<span class='icon shortcode   use-hover' style='font-size:62px !important;color:#D8D8D8;'>&#57799;<\/span>\t\t\t\t\t\t\t\t\t\t\t\t\t\t\t\t\t<\/a>\r\n\t\t\t\t\t\t\t\t\t<\/div>\r\n\t\t\t\t\t\t\t\t\t<div class=\"sep-2\"><\/div>\r\n\t\t\t\t\t\t\t\t\t\t\t\t\t\t<h4 class=\"services-title\">\r\n\t\t\t\t\t\t\t\t\t<a href=\"https:\/\/petroni.com.br\/site\/apresentacao\/\" title=\"Direito Criminal\">Direito Criminal<\/a>\r\n\t\t\t\t\t\t\t<\/h4>\r\n\t\t\t\t\t\t\t<div class=\"services-content\">\n<p class=\"p1\">Solu\u00e7\u00f5es para crimes eletr\u00f4nicos diversos.<\/div>\r\n\t\t\t\t\t\t\t<div class=\"services-button-wrap\">\r\n\t\t\t\t<a href=\"https:\/\/petroni.com.br\/site\/apresentacao\/\"><span class=\"btext\">Leia mais \u2192<\/span><\/a>\r\n\t\t\t<\/div>\r\n\t\t\t<\/div>\r\n<\/div>\r\n<\/div><\/div><\/div>\n<div class=\"wpv-grid grid-1-5  wpv-first-level unextended animation-from-bottom animated-active\" style=\"padding-top:0px;padding-bottom:0px\" id=\"wpv-column-d43b304dfd9d11f1b3c98f44bcc1abf9\" ><div class=\"row \"><div class=\"wpv-grid grid-1-1  first unextended\" style=\"padding-top:0px;padding-bottom:0px\" id=\"wpv-column-bab84d7e92a4aaaaccc0b2adbca130b9\" ><div class=\"services clearfix fullimage no-image has-icon has-button \" style=\"text-align:left;\">\r\n\t<div class=\"services-inside\">\r\n\t\t\t\t\t\t\t\t\t<div class=\"thumbnail\">\r\n\t\t\t\t\t\t\t\t\t\t\t<a href=\"http:\/\/forensecomputacional.net.br\/practice-areas\/\" title=\"Direito C\u00edvel\" class=\"\">\r\n\t\t\t\t\t\t\t\t\t\t\t\t\t\t\t\t\t\t<span class='icon shortcode   use-hover' style='font-size:62px !important;color:#D8D8D8;'>&#57735;<\/span>\t\t\t\t\t\t\t\t\t\t\t\t\t\t\t\t\t<\/a>\r\n\t\t\t\t\t\t\t\t\t<\/div>\r\n\t\t\t\t\t\t\t\t\t<div class=\"sep-2\"><\/div>\r\n\t\t\t\t\t\t\t\t\t\t\t\t\t\t<h4 class=\"services-title\">\r\n\t\t\t\t\t\t\t\t\t<a href=\"http:\/\/forensecomputacional.net.br\/practice-areas\/\" title=\"Direito C\u00edvel\">Direito C\u00edvel<\/a>\r\n\t\t\t\t\t\t\t<\/h4>\r\n\t\t\t\t\t\t\t<div class=\"services-content\">\n<p class=\"p1\"><span class=\"s1\">Propriedade intelectual, pareceres e laudos.<\/span><\/p>\n<p class=\"p1\">\n<\/div>\r\n\t\t\t\t\t\t\t<div class=\"services-button-wrap\">\r\n\t\t\t\t<a href=\"http:\/\/forensecomputacional.net.br\/practice-areas\/\"><span class=\"btext\">Leia mais \u2192<\/span><\/a>\r\n\t\t\t<\/div>\r\n\t\t\t<\/div>\r\n<\/div>\r\n<\/div><\/div><\/div>\n<div class=\"wpv-grid grid-1-5  wpv-first-level unextended animation-from-bottom animated-active\" style=\"padding-top:0px;padding-bottom:0px\" id=\"wpv-column-d4f7a6352ab19f08af632670d6596952\" ><div class=\"row \"><div class=\"wpv-grid grid-1-1  first unextended\" style=\"padding-top:0px;padding-bottom:0px\" id=\"wpv-column-55d7420bfae70c8a29e5cd4bcfe61b3d\" ><div class=\"services clearfix fullimage no-image has-icon has-button \" style=\"text-align:left;\">\r\n\t<div class=\"services-inside\">\r\n\t\t\t\t\t\t\t\t\t<div class=\"thumbnail\">\r\n\t\t\t\t\t\t\t\t\t\t\t<a href=\"http:\/\/forensecomputacional.net.br\/practice-areas\/\" title=\"Direito Trabalhista\" class=\"\">\r\n\t\t\t\t\t\t\t\t\t\t\t\t\t\t\t\t\t\t<span class='icon shortcode   use-hover' style='font-size:62px !important;color:#D8D8D8;'>&#57750;<\/span>\t\t\t\t\t\t\t\t\t\t\t\t\t\t\t\t\t<\/a>\r\n\t\t\t\t\t\t\t\t\t<\/div>\r\n\t\t\t\t\t\t\t\t\t<div class=\"sep-2\"><\/div>\r\n\t\t\t\t\t\t\t\t\t\t\t\t\t\t<h4 class=\"services-title\">\r\n\t\t\t\t\t\t\t\t\t<a href=\"http:\/\/forensecomputacional.net.br\/practice-areas\/\" title=\"Direito Trabalhista\">Direito Trabalhista<\/a>\r\n\t\t\t\t\t\t\t<\/h4>\r\n\t\t\t\t\t\t\t<div class=\"services-content\">\n<p class=\"p1\"><span class=\"s1\">Rela\u00e7\u00e3o de provas, representa\u00e7\u00f5es t\u00e9cnicas e coleta de evid\u00eancias.<\/span><\/p>\n<p class=\"p1\">\n<\/div>\r\n\t\t\t\t\t\t\t<div class=\"services-button-wrap\">\r\n\t\t\t\t<a href=\"http:\/\/forensecomputacional.net.br\/practice-areas\/\"><span class=\"btext\">Leia mais \u2192<\/span><\/a>\r\n\t\t\t<\/div>\r\n\t\t\t<\/div>\r\n<\/div>\r\n<\/div><\/div><\/div>\n<div class=\"wpv-grid grid-1-5  wpv-first-level unextended animation-from-bottom animated-active\" style=\"padding-top:0px;padding-bottom:0px\" id=\"wpv-column-ddbcd402e9144118b33ef8a0c5cc392e\" ><div class=\"row \"><div class=\"wpv-grid grid-1-1  first unextended\" style=\"padding-top:0px;padding-bottom:0px\" id=\"wpv-column-3c3b1107b5cb1876893a817c2da8b3b7\" ><div class=\"services clearfix fullimage no-image has-icon has-button \" style=\"text-align:left;\">\r\n\t<div class=\"services-inside\">\r\n\t\t\t\t\t\t\t\t\t<div class=\"thumbnail\">\r\n\t\t\t\t\t\t\t\t\t\t\t<a href=\"http:\/\/forensecomputacional.net.br\/practice-areas\/\" title=\"Direito da Fam\u00edlia\" class=\"\">\r\n\t\t\t\t\t\t\t\t\t\t\t\t\t\t\t\t\t\t<span class='icon shortcode   use-hover' style='font-size:62px !important;color:#D8D8D8;'>&#57734;<\/span>\t\t\t\t\t\t\t\t\t\t\t\t\t\t\t\t\t<\/a>\r\n\t\t\t\t\t\t\t\t\t<\/div>\r\n\t\t\t\t\t\t\t\t\t<div class=\"sep-2\"><\/div>\r\n\t\t\t\t\t\t\t\t\t\t\t\t\t\t<h4 class=\"services-title\">\r\n\t\t\t\t\t\t\t\t\t<a href=\"http:\/\/forensecomputacional.net.br\/practice-areas\/\" title=\"Direito da Fam\u00edlia\">Direito da Fam\u00edlia<\/a>\r\n\t\t\t\t\t\t\t<\/h4>\r\n\t\t\t\t\t\t\t<div class=\"services-content\">\n<p class=\"p1\">\n<p>Pareceres, laudos e contra laudos sobre propriedade intelectual.<\/div>\r\n\t\t\t\t\t\t\t<div class=\"services-button-wrap\">\r\n\t\t\t\t<a href=\"http:\/\/forensecomputacional.net.br\/practice-areas\/\"><span class=\"btext\">Leia mais \u2192<\/span><\/a>\r\n\t\t\t<\/div>\r\n\t\t\t<\/div>\r\n<\/div>\r\n<\/div><\/div><\/div>\n<div class=\"wpv-grid grid-1-5  wpv-first-level unextended animation-from-bottom animated-active\" style=\"padding-top:0px;padding-bottom:0px\" id=\"wpv-column-f5725442b1d5407cd85b69081b746f82\" ><div class=\"row \"><div class=\"wpv-grid grid-1-1  first unextended\" style=\"padding-top:0px;padding-bottom:0px\" id=\"wpv-column-9fcbdfe0130dadced86b4353f6dff12a\" ><div class=\"services clearfix fullimage no-image has-icon has-button \" style=\"text-align:left;\">\r\n\t<div class=\"services-inside\">\r\n\t\t\t\t\t\t\t\t\t<div class=\"thumbnail\">\r\n\t\t\t\t\t\t\t\t\t\t\t<a href=\"http:\/\/forensecomputacional.net.br\/practice-areas\/\" title=\"Direito Tribut\u00e1rio\" class=\"\">\r\n\t\t\t\t\t\t\t\t\t\t\t\t\t\t\t\t\t\t<span class='icon shortcode theme  use-hover' style='font-size:62px !important;color:#D8D8D8;'>&#57398;<\/span>\t\t\t\t\t\t\t\t\t\t\t\t\t\t\t\t\t<\/a>\r\n\t\t\t\t\t\t\t\t\t<\/div>\r\n\t\t\t\t\t\t\t\t\t<div class=\"sep-2\"><\/div>\r\n\t\t\t\t\t\t\t\t\t\t\t\t\t\t<h4 class=\"services-title\">\r\n\t\t\t\t\t\t\t\t\t<a href=\"http:\/\/forensecomputacional.net.br\/practice-areas\/\" title=\"Direito Tribut\u00e1rio\">Direito Tribut\u00e1rio<\/a>\r\n\t\t\t\t\t\t\t<\/h4>\r\n\t\t\t\t\t\t\t<div class=\"services-content\">\n<p class=\"p1\">\n<p>Tributa\u00e7\u00e3o e recolhimento de impostos.<\/div>\r\n\t\t\t\t\t\t\t<div class=\"services-button-wrap\">\r\n\t\t\t\t<a href=\"http:\/\/forensecomputacional.net.br\/practice-areas\/\"><span class=\"btext\">Leia mais \u2192<\/span><\/a>\r\n\t\t\t<\/div>\r\n\t\t\t<\/div>\r\n<\/div>\r\n<\/div><\/div><\/div><\/div>\n<div class=\"push\" style='height:50px'><\/div>\n<div class=\"row \"><div class=\"wpv-grid grid-1-1  wpv-first-level first unextended animation-fade-in animated-active\" style=\"padding-top:0px;padding-bottom:0px\" id=\"wpv-column-80cce8bbf6146f4c6de6abdab9950a54\" >\t\t<h2 class=\"text-divider-double\">\t\t\t\nO PERITO\t\t<\/h2>\t\t<div class=\"sep\"><\/div>\t<\/div><\/div>\n<div class=\"row \"><div class=\"wpv-grid grid-1-1  wpv-first-level first unextended animation-from-bottom animated-active\" style=\"padding-top:0px;padding-bottom:0px\" id=\"wpv-column-4f7c0ed8cec52eb970e6158a633c8648\" ><p style=\"text-align: center;\"><span class=\"vamtam-font-style-1 with-color\">\u201cAuxiliar pessoas e empresas na batalha contra a epidemia de crimes cibern\u00e9ticos que assola a rede mundial de computadores\u201d<\/span><\/p>\n<p style=\"text-align: center;\">Profissional de TI e Professor em organiza\u00e7\u00f5es p\u00fablicas e privadas com dom\u00ednio de t\u00e9cnicas de an\u00e1lise forense, aplicadas no \u00e2mbito computacional.<\/p>\n<p class=\"p1\" style=\"text-align: center;\">\u2014\u00a0CRISTIANO PETRONI<\/div><\/div>\n<div class=\"push\" style='height:40px'><\/div>\n<div class=\"row \"><div class=\"wpv-grid grid-1-1  wpv-first-level first unextended\" style=\"padding-top:30px;padding-bottom:0px\" id=\"wpv-column-050a4ff7cde8818e388c40e08e74f9bc\" ><\/div><\/div>\n<div class=\"push\" style='height:50px'><\/div>\n<div class=\"row \"><div class=\"wpv-grid grid-1-1  wpv-first-level parallax-bg first has-background extended\" style=\"\n\t\t\t\tbackground: url( 'https:\/\/lawyers-attorneys.vamtam.com\/wp-content\/uploads\/2014\/09\/bg_1.jpg' ) no-repeat center top;\n\t\t\t\tbackground-size: cover;\n\t\t\tbackground-attachment: fixed;padding-top:0px;padding-bottom:50px\" id=\"CURTA, SIGA, COMPARTILHE\"  data-parallax-method=\"to-centre\" data-parallax-inertia=\"-0.2\"><div class=\"extended-column-inner\">\t\t<h2 class=\"text-divider-double\">\t\t\t\nCURTA, SIGA E COMPARTILHE\t\t<\/h2>\t\t<div class=\"sep\"><\/div>\t\n<div class=\"row \"><div class=\"wpv-grid grid-1-1  first unextended\" style=\"padding-top:0px;padding-bottom:0px\" id=\"wpv-column-6c7ce3518a450d1b36619d805d7f1e3c\" ><p align=\"center\"><a href=\"https:\/\/www.facebook.com\/cristiano.petroni.7\"> <span class='icon shortcode   use-hover' style='font-size:32px !important;color:#303030;'>&#58155;<\/span><\/a>\u00a0\u00a0\u00a0<a href=\"https:\/\/twitter.com\/forensesw\"><span class='icon shortcode   use-hover' style='font-size:32px !important;color:#303030;'>&#58159;<\/span><\/a>\u00a0\u00a0\u00a0<a href=\"https:\/\/www.linkedin.com\/in\/forensecomputacional\"><span class='icon shortcode   use-hover' style='font-size:32px !important;color:#303030;'>&#58209;<\/span><\/a>\u00a0\u00a0\u00a0<a href=\"mailto:cristiano@petroni.com.br\"><span class='icon shortcode   use-hover' style='font-size:32px !important;color:#303030;'>&#58145;<\/span><\/a><\/div><\/div><\/div><\/div><\/div>\n","protected":false},"excerpt":{"rendered":"<p>[\/column_1] [\/column_1] [\/column_1] [\/column_1] [\/column_1] \u201cAuxiliar pessoas e empresas na batalha contra a epidemia de crimes cibern\u00e9ticos que assola a rede mundial de computadores\u201d Profissional de TI e Professor em organiza\u00e7\u00f5es p\u00fablicas e privadas com dom\u00ednio de t\u00e9cnicas de an\u00e1lise forense, aplicadas no \u00e2mbito computacional. \u2014\u00a0CRISTIANO PETRONI \u00a0\u00a0\u00a0\u00a0\u00a0\u00a0\u00a0\u00a0\u00a0[\/column_1]<\/p>\n","protected":false},"author":1,"featured_media":0,"parent":0,"menu_order":0,"comment_status":"closed","ping_status":"closed","template":"","meta":[],"_links":{"self":[{"href":"http:\/\/petroni.com.br\/site\/wp-json\/wp\/v2\/pages\/4"}],"collection":[{"href":"http:\/\/petroni.com.br\/site\/wp-json\/wp\/v2\/pages"}],"about":[{"href":"http:\/\/petroni.com.br\/site\/wp-json\/wp\/v2\/types\/page"}],"author":[{"embeddable":true,"href":"http:\/\/petroni.com.br\/site\/wp-json\/wp\/v2\/users\/1"}],"replies":[{"embeddable":true,"href":"http:\/\/petroni.com.br\/site\/wp-json\/wp\/v2\/comments?post=4"}],"version-history":[{"count":19,"href":"http:\/\/petroni.com.br\/site\/wp-json\/wp\/v2\/pages\/4\/revisions"}],"predecessor-version":[{"id":10031,"href":"http:\/\/petroni.com.br\/site\/wp-json\/wp\/v2\/pages\/4\/revisions\/10031"}],"wp:attachment":[{"href":"http:\/\/petroni.com.br\/site\/wp-json\/wp\/v2\/media?parent=4"}],"curies":[{"name":"wp","href":"https:\/\/api.w.org\/{rel}","templated":true}]}}