{"id":7778,"date":"2014-04-23T10:38:38","date_gmt":"2014-04-23T10:38:38","guid":{"rendered":"http:\/\/lawyers-attorneys.vamtam.com\/?page_id=7778"},"modified":"2024-11-27T18:24:34","modified_gmt":"2024-11-27T21:24:34","slug":"about","status":"publish","type":"page","link":"http:\/\/petroni.com.br\/site\/about\/","title":{"rendered":"O Perito"},"content":{"rendered":"<div class=\"row \"><div class=\"wpv-grid grid-1-1  wpv-first-level first unextended\" style=\"padding-top:0px;padding-bottom:0px\" id=\"about-content\" ><div class=\"row \"><div class=\"wpv-grid grid-1-1  first unextended\" style=\"padding-top:0px;padding-bottom:0px\" id=\"wpv-column-8e7d9ac2feeb8894e75b88bde71580db\" ><p style=\"text-align: justify; font-weight: bold; font-size: 18px;\">O Perito <\/p>\n<p style=\"text-align: justify;\">P\u00f3s Doutor em Engenharia de Produ\u00e7\u00e3o &#8211; (Desenvolvimento de Software como prova de Conceito sobre Aplica\u00e7\u00e3o de Smart Contracts no Controle e na Otimiza\u00e7\u00e3o de Cadeia de Cust\u00f3dia de Evidencias Digitais Baseada na Plataforma Blockchain). Doutorado em Engenharia de Produ\u00e7\u00e3o (Gest\u00e3o da produ\u00e7\u00e3o de software e m\u00eddias interativas &#8211; Tese: APLICA\u00c7\u00c3O DE SMART CONTRACTS NO CONTROLE E NA OTIMIZA\u00c7\u00c3O DE CADEIA DE CUST\u00d3DIA DE EVID\u00caNCIAS DIGITAIS BASEADOS NA PLATAFORMA BLOCKCHAIN), Mestrado em Sistemas de Computa\u00e7\u00e3o, P\u00f3s Graduado em Direito Digital. P\u00f3s Graduado em Design e Aplica\u00e7\u00f5es para Internet e Graduado em An\u00e1lise de Sistemas. Atualmente \u00e9 Professor de Ensino Superior do Centro Paula Souza (FATEC de Jundia\u00ed). Coordenador do Curso de Defesa Cibern\u00e9tica (Gradua\u00e7\u00e3o). Membro Comit\u00ea ABNT\/CB-021\/CE 021 002 307 &#8211; Blockchain e Tecnologias de Registro Distribu\u00eddas. ASC Academy Specialist &#8211; Academia Cisco. Pesquisa a \u00e1rea de CriptoAtivos, IoT, Blockchain, Smart Contracts, Intelig\u00eancia Artificial e Ind\u00fastria 4.0. Desenvolve atividades como Perito Judicial em Tecnologia da Informa\u00e7\u00e3o e Sistemas de Informa\u00e7\u00e3o em Comarcas do Interior de S\u00e3o Paulo, Capital e F\u00f3rum Central de S\u00e3o Paulo. Desenvolve Assessoria e Consultoria Forense Computacional, Per\u00edcia Forense Computacional e Laudos Periciais, Contra Laudos e Pareceres T\u00e9cnicos.<\/p>\n<p style=\"text-align: justify; font-weight: bold; font-size: 18px;\">Apresenta\u00e7\u00e3o<\/p>\n<p style=\"text-align: justify;\">A r\u00e1pida evolu\u00e7\u00e3o tecnol\u00f3gica trouxe inova\u00e7\u00f5es que transformaram o mercado, mas tamb\u00e9m ampliaram os riscos e desafios enfrentados pelas organiza\u00e7\u00f5es. Vazamentos de dados, fraudes digitais e crimes cibern\u00e9ticos est\u00e3o entre os problemas que podem impactar gravemente as finan\u00e7as e a reputa\u00e7\u00e3o de empresas de todos os setores. Nesse cen\u00e1rio, contar com uma assessoria forense especializada \u00e9 essencial para identificar, solucionar e prevenir incidentes tecnol\u00f3gicos de forma eficaz.<\/p>\n<p style=\"text-align: justify;\">A BCA Petroni \u2013 Laudos e Per\u00edcia Computacional oferece servi\u00e7os de Assist\u00eancia T\u00e9cnica Processual e Consultoria Forense em Tecnologia, alinhados \u00e0s exig\u00eancias de um ambiente cada vez mais digitalizado. Nossos profissionais especializados utilizam metodologias avan\u00e7adas e ferramentas tecnol\u00f3gicas de ponta para produzir an\u00e1lises t\u00e9cnicas e laudos detalhados, fundamentais em processos judiciais ou situa\u00e7\u00f5es de lit\u00edgio envolvendo sistemas, redes e tecnologias.<\/p>\n<p style=\"text-align: justify;\">Confie na expertise da BCA Petroni para proteger seu neg\u00f3cio em um mundo de amea\u00e7as cibern\u00e9ticas crescentes. Atuamos de forma proativa e estrat\u00e9gica, ajudando sua organiza\u00e7\u00e3o a mitigar riscos, fortalecer a seguran\u00e7a da informa\u00e7\u00e3o e garantir a integridade digital, sempre com compromisso \u00e9tico e excel\u00eancia t\u00e9cnica. Atuamos tamb\u00e9m em Tribunais como Auxiliares da Justi\u00e7a. Transforme os desafios tecnol\u00f3gicos em oportunidades com a assessoria forense computacional de refer\u00eancia no mercado, consulte-nos.<\/p>\n<p style=\"text-align: justify;\">Acesse o Curriculum do Perito na plataforma LATTES:<br \/>\n<a href=\"http:\/\/lattes.cnpq.br\/8363363105525260\" target=\"_blank\" rel=\"noopener\"><img loading=\"lazy\" class=\"alignnone wp-image-9979\" src=\"http:\/\/forensecomputacional.net.br\/wp-content\/uploads\/2014\/04\/logoLattes.jpg\" alt=\"logoLattes\" width=\"33\" height=\"40\" srcset=\"http:\/\/petroni.com.br\/site\/wp-content\/uploads\/2014\/04\/logoLattes.jpg 296w, http:\/\/petroni.com.br\/site\/wp-content\/uploads\/2014\/04\/logoLattes-251x300.jpg 251w, http:\/\/petroni.com.br\/site\/wp-content\/uploads\/2014\/04\/logoLattes-262x313.jpg 262w\" sizes=\"(max-width: 33px) 100vw, 33px\" \/>http:\/\/lattes.cnpq.br\/8363363105525260<\/a><\/p>\n<p>Acesse o Curriculum do Perito na plataforma ORCID:<br \/>\n<a href=\"https:\/\/orcid.org\/0000-0001-9826-1257\" target=\"orcid.widget\" rel=\"noopener noreferrer\"><img loading=\"lazy\" class=\"alignnone wp-image-9964\" src=\"http:\/\/forensecomputacional.net.br\/wp-content\/uploads\/2014\/04\/id.jpg\" alt=\"id\" width=\"37\" height=\"37\" srcset=\"http:\/\/petroni.com.br\/site\/wp-content\/uploads\/2014\/04\/id.jpg 150w, http:\/\/petroni.com.br\/site\/wp-content\/uploads\/2014\/04\/id-60x60.jpg 60w\" sizes=\"(max-width: 37px) 100vw, 37px\" \/>https:\/\/orcid.org\/0000-0001-9826-1257<\/a><\/div><\/div><\/div><\/div>\n\n\n<div class=\"push\" style='height:30px'><\/div>\n\n\n\n<div class=\"push\" style='height:30px'><\/div>\n\n\n<div class=\"row \"><div class=\"wpv-grid grid-1-3  wpv-first-level first unextended\" style=\"padding-top:0px;padding-bottom:0px\" id=\"wpv-column-2a222e89217e500f99cebf7c3fce248b\" ><figure class=\"wp-block-image size-full is-style-rounded\" style=\"text-align: center;\">\n        <a href=\"https:\/\/scholar.google.com.br\/citations?hl=pt-BR&amp;user=pGgE5oIAAAAJ\" target=\"_blank\" rel=\"noopener\"><br \/>\n            <img src=\"http:\/\/petroni.com.br\/site\/wp-content\/uploads\/2014\/04\/google2.jpeg\" alt=\"Google Scholar\" style=\"width: 150px; height: auto; margin: 0 auto;\"><br \/>\n        <\/a><br \/>\n    <\/figure><\/div>\n\n\n<div class=\"wpv-grid grid-1-3  wpv-first-level unextended\" style=\"padding-top:0px;padding-bottom:0px\" id=\"wpv-column-2e80b5b434cec1937d425bcda59fe279\" ><figure class=\"wp-block-image size-full is-style-rounded\" style=\"text-align: center;\">\n        <a href=\"https:\/\/www.researchgate.net\/profile\/Benedito_Petroni\" target=\"_blank\" rel=\"noopener\"><br \/>\n            <img src=\"http:\/\/petroni.com.br\/site\/wp-content\/uploads\/2014\/04\/research2.jpg\" alt=\"ResearchGate\" style=\"width: 150px; height: auto; margin: 0 auto;\"><br \/>\n        <\/a><br \/>\n    <\/figure><\/div>\n\n\n<div class=\"wpv-grid grid-1-3  wpv-first-level unextended\" style=\"padding-top:0px;padding-bottom:0px\" id=\"wpv-column-71e3a319343288c4bc513c8beeddd6ca\" ><figure class=\"wp-block-image size-full is-style-rounded\" style=\"text-align: center;\">\n        <a href=\"https:\/\/publons.com\/researcher\/1479995\/benedito-cristiano-aparecido-petroni\/\" target=\"_blank\" rel=\"noopener\"><br \/>\n            <img src=\"https:\/\/petroni.com.br\/site\/wp-content\/uploads\/2014\/04\/publons.jpeg\" alt=\"Publons\" style=\"width: 150px; height: auto; margin: 0 auto;\"><br \/>\n        <\/a><br \/>\n    <\/figure><\/div><\/div>\n\n\n\n\t\t<h2 class=\"text-divider-double\">\t\t\t\u00c1REAS DE ATUA\u00c7\u00c3O\t\t<\/h2>\t\t<div class=\"sep\"><\/div>\t<div class=\"push\" style='margin-bottom:-32px'><\/div>\n\n\n<div class=\"row \"><div class=\"wpv-grid grid-1-1  wpv-first-level first has-background extended\" style=\"background-color:#4A4F55;padding-top:0px;padding-bottom:0px\" id=\"wpv-column-619a45b7f660b5679351c6a4791f9579\" ><div class=\"extended-column-inner\"><style>#wpv-column-619a45b7f660b5679351c6a4791f9579 p,#wpv-column-619a45b7f660b5679351c6a4791f9579 em,#wpv-column-619a45b7f660b5679351c6a4791f9579 .column-title,#wpv-column-619a45b7f660b5679351c6a4791f9579 .sep-text h2.regular-title-wrapper,#wpv-column-619a45b7f660b5679351c6a4791f9579 .text-divider-double,#wpv-column-619a45b7f660b5679351c6a4791f9579 .sep-text .sep-text-line,#wpv-column-619a45b7f660b5679351c6a4791f9579 .sep,#wpv-column-619a45b7f660b5679351c6a4791f9579 .sep-2,#wpv-column-619a45b7f660b5679351c6a4791f9579 .sep-3,#wpv-column-619a45b7f660b5679351c6a4791f9579 td,#wpv-column-619a45b7f660b5679351c6a4791f9579 th,#wpv-column-619a45b7f660b5679351c6a4791f9579 caption{color:#cccfd2;}#wpv-column-619a45b7f660b5679351c6a4791f9579:before{background-color:transparent;}<\/style><div class=\"row \"><div class=\"wpv-grid grid-1-5  first unextended animation-fade-in animated-active\" style=\"padding-top:0px;padding-bottom:0px\" id=\"wpv-column-31d2f33e0ae83db26089e56f72003424\" >\n<div  data-href=\"practice-areas\/#wpv-column-3809806d5edecf6f2e1c7e4419439a09\" tabindex=\"1\" data-target=\"_self\" class=\"linkarea clearfix accent6  background-accent1\">\n\t\t\t<div class=\"first\"><span class='icon shortcode theme  use-hover' style='font-size:46px !important;color:#ffffff;'>&#57398;<\/span><\/div>\n\t\t\t\t<div class=\"last\"><span class=\"accent-8\">Direito Tribut\u00e1rio<\/span><\/div>\n\t<\/div><\/div><div class=\"wpv-grid grid-1-5  unextended animation-from-bottom animated-active\" style=\"padding-top:0px;padding-bottom:0px\" id=\"wpv-column-8a3dcaf9becf2f37f7f269aad57d791a\" >\n<div  data-href=\"practice-areas\/#wpv-column-3e88efa1159a7f359b88c23338d45cd1\" tabindex=\"1\" class=\"linkarea clearfix accent2  background-accent1\">\n\t\t\t<div class=\"first\"><span class='icon shortcode   use-hover' style='font-size:46px !important;color:#ffffff;'>&#57799;<\/span><\/div>\n\t\t\t\t<div class=\"last\"><span class=\"accent-8\">Direito Penal \/ Criminal<\/span><\/div>\n\t<\/div><\/div><div class=\"wpv-grid grid-1-5  unextended animation-from-bottom animated-active\" style=\"padding-top:0px;padding-bottom:0px\" id=\"wpv-column-ca0ecc8a5c7382624f7f821f3ac7d11b\" >\n<div  data-href=\"practice-areas\" tabindex=\"1\" data-target=\"_self\" class=\"linkarea clearfix accent6  background-accent2\">\n\t\t\t<div class=\"first\"><span class='icon shortcode   use-hover' style='font-size:46px !important;color:#ffffff;'>&#57735;<\/span><\/div>\n\t\t\t\t<div class=\"last\"><span class=\"accent-8\">Direito Civel<\/span><\/div>\n\t<\/div><\/div><div class=\"wpv-grid grid-1-5  unextended animation-fade-in animated-active\" style=\"padding-top:0px;padding-bottom:0px\" id=\"wpv-column-7e82da103d62ec0deef3baca9421ccff\" >\n<div  data-href=\"practice-areas\" tabindex=\"1\" data-target=\"_self\" class=\"linkarea clearfix accent6  background-accent1\">\n\t\t\t<div class=\"first\"><span class='icon shortcode   use-hover' style='font-size:46px !important;color:#ffffff;'>&#57750;<\/span><\/div>\n\t\t\t\t<div class=\"last\"><span class=\"accent-8\">Direito Trabalhista<\/span><\/div>\n\t<\/div><\/div><div class=\"wpv-grid grid-1-5  unextended animation-from-left animated-active\" style=\"padding-top:0px;padding-bottom:0px\" id=\"wpv-column-3000e294db30dc7b9b97c11cd972ffc2\" >\n<div  data-href=\"practice-areas\/#wpv-column-05339ef00688d8eabdf693e386819383\" tabindex=\"1\" data-target=\"_self\" class=\"linkarea clearfix accent6  background-accent2\">\n\t\t\t<div class=\"first\"><span class='icon shortcode   use-hover' style='font-size:46px !important;color:#ffffff;'>&#57734;<\/span><\/div>\n\t\t\t\t<div class=\"last\"><span class=\"accent-8\">Direito da Fam\u00edlia<\/span><\/div>\n\t<\/div><\/div><\/div><\/div><\/div><\/div>\n\n\n\n<div class=\"push\" style='height:80px'><\/div><div class=\"sep\"><\/div>\n\n\n<div class=\"row \"><div class=\"wpv-grid grid-1-1  wpv-first-level first unextended animation-from-bottom animated-active\" style=\"padding-top:0px;padding-bottom:0px\" id=\"wpv-column-32c119c577d6e94a5513b865969c2b0f\" ><div class=\"push\" style='height:20px'><\/div><span class=\"vamtam-font-style-1 with-color\">\u201cNas \u00faltimas d\u00e9cadas tem-se notado uma explos\u00e3o do uso da tecnologia em todas as \u00e1reas profissionais, bem como no dia-a-dia das pessoas. N\u00e3o \u00e9 surpresa que os criminosos acompanham e at\u00e9 evoluem o emprego da tecnologia no planejamento e pr\u00e1tica de crimes.\u201d<\/span><\/div><\/div>\n\n\n\n<div class=\"push\" style='height:40px'><\/div>\n\n\n<div class=\"row \"><div class=\"wpv-grid grid-1-1  wpv-first-level parallax-bg first has-background extended\" style=\"\n\t\t\t\tbackground: url( 'https:\/\/lawyers-attorneys.vamtam.com\/wp-content\/uploads\/2014\/09\/bg_1.jpg' ) no-repeat center top;\n\t\t\t\tbackground-size: cover;\n\t\t\tbackground-attachment: fixed;padding-top:0px;padding-bottom:50px\" id=\"CURTA, SIGA, COMPARTILHE\"  data-parallax-method=\"to-centre\" data-parallax-inertia=\"-0.2\"><div class=\"extended-column-inner\">\t\t<h2 class=\"text-divider-double\">\t\t\tCURTA, SIGA E COMPARTILHE\t\t<\/h2>\t\t<div class=\"sep\"><\/div>\t<div class=\"row \"><div class=\"wpv-grid grid-1-1  first unextended\" style=\"padding-top:0px;padding-bottom:0px\" id=\"wpv-column-0f21f58202cd3f91445fda00264798de\" ><a href=\"https:\/\/www.facebook.com\/cristiano.petroni.7\"> <span class='icon shortcode   use-hover' style='font-size:32px !important;color:#303030;'>&#58155;<\/span><\/a>&nbsp;&nbsp;&nbsp;<a href=\"https:\/\/twitter.com\/forensesw\"><span class='icon shortcode   use-hover' style='font-size:32px !important;color:#303030;'>&#58159;<\/span><\/a>&nbsp;&nbsp;&nbsp;<a href=\"https:\/\/www.linkedin.com\/in\/forensecomputacional\"><span class='icon shortcode   use-hover' style='font-size:32px !important;color:#303030;'>&#58209;<\/span><\/a>&nbsp;&nbsp;&nbsp;<a href=\"mailto:cristiano@petroni.com.br\"><span class='icon shortcode   use-hover' style='font-size:32px !important;color:#303030;'>&#58145;<\/span><\/a><\/div><\/div><\/div><\/div><\/div>\n\n\n\n<div class=\"row \"><div class=\"wpv-grid grid-1-1  wpv-first-level first unextended\" style=\"padding-top:0px;padding-bottom:0px\" id=\"wpv-column-4a4c83a688c0cf397768f75b2f2604df\" ><\/div><\/div>\n","protected":false},"excerpt":{"rendered":"<p>O Perito P\u00f3s Doutor em Engenharia de Produ\u00e7\u00e3o &#8211; (Desenvolvimento de Software como prova de Conceito sobre Aplica\u00e7\u00e3o de Smart Contracts no Controle e na Otimiza\u00e7\u00e3o de Cadeia de Cust\u00f3dia de Evidencias Digitais Baseada na Plataforma Blockchain). Doutorado em Engenharia de Produ\u00e7\u00e3o (Gest\u00e3o da produ\u00e7\u00e3o de software e m\u00eddias interativas &#8211; Tese: APLICA\u00c7\u00c3O DE SMART&#8230;<\/p>\n","protected":false},"author":1,"featured_media":0,"parent":0,"menu_order":0,"comment_status":"closed","ping_status":"closed","template":"","meta":[],"_links":{"self":[{"href":"http:\/\/petroni.com.br\/site\/wp-json\/wp\/v2\/pages\/7778"}],"collection":[{"href":"http:\/\/petroni.com.br\/site\/wp-json\/wp\/v2\/pages"}],"about":[{"href":"http:\/\/petroni.com.br\/site\/wp-json\/wp\/v2\/types\/page"}],"author":[{"embeddable":true,"href":"http:\/\/petroni.com.br\/site\/wp-json\/wp\/v2\/users\/1"}],"replies":[{"embeddable":true,"href":"http:\/\/petroni.com.br\/site\/wp-json\/wp\/v2\/comments?post=7778"}],"version-history":[{"count":81,"href":"http:\/\/petroni.com.br\/site\/wp-json\/wp\/v2\/pages\/7778\/revisions"}],"predecessor-version":[{"id":10055,"href":"http:\/\/petroni.com.br\/site\/wp-json\/wp\/v2\/pages\/7778\/revisions\/10055"}],"wp:attachment":[{"href":"http:\/\/petroni.com.br\/site\/wp-json\/wp\/v2\/media?parent=7778"}],"curies":[{"name":"wp","href":"https:\/\/api.w.org\/{rel}","templated":true}]}}