{"id":7956,"date":"2014-07-04T10:06:07","date_gmt":"2014-07-04T10:06:07","guid":{"rendered":"http:\/\/lawyers-attorneys.vamtam.com\/?page_id=7956"},"modified":"2024-11-27T18:14:47","modified_gmt":"2024-11-27T21:14:47","slug":"practice-areas","status":"publish","type":"page","link":"http:\/\/petroni.com.br\/site\/practice-areas\/","title":{"rendered":"\u00c1reas de Atua\u00e7\u00e3o"},"content":{"rendered":"<div class=\"row \"><div class=\"wpv-grid grid-1-1  wpv-first-level first extended\" style=\"padding-top:50px;padding-bottom:50px\" id=\"areas-atuacao\" ><div class=\"extended-column-inner\"><div class=\"row \"><div class=\"wpv-grid grid-1-1  first unextended\" style=\"padding-top:0px;padding-bottom:0px\" id=\"wpv-column-ecf58baec58a379d7c681cd78d23fc15\" ><p style=\"text-align: center; font-weight: bold; font-size: 20px;\">\u00c1reas de Atua\u00e7\u00e3o<\/p>\n<p style=\"text-align: justify;\">\n<strong>Esferas do Direito:<\/strong> Criminal, C\u00edvel, Trabalhista, Eleitoral, de Fam\u00edlia, Tribut\u00e1rio e Digital<\/p>\n<p style=\"text-align: justify;\">\n<strong>Crimes Cibern\u00e9ticos:<\/strong><br \/>\n&#8211; Investiga\u00e7\u00e3o de ataques como phishing, ransomware, fraudes online e acessos n\u00e3o autorizados a sistemas.<br \/>\n&#8211; An\u00e1lise de logs e rastreamento de atividades suspeitas para identificar respons\u00e1veis.<br \/>\n&#8211; Coleta de evid\u00eancias digitais para uso em processos criminais.<\/p>\n<p style=\"text-align: justify;\">\n<strong>Propriedade Intelectual e Direitos Autorais:<\/strong><br \/>\n&#8211; Verifica\u00e7\u00e3o de casos de pl\u00e1gio, uso indevido de marcas ou viola\u00e7\u00e3o de direitos autorais em plataformas digitais.<br \/>\n&#8211; An\u00e1lise de metadados e vers\u00f5es de arquivos para determinar autoria e integridade de documentos ou m\u00eddias.<\/p>\n<p style=\"text-align: justify;\">\n<strong>Privacidade e Prote\u00e7\u00e3o de Dados:<\/strong><br \/>\n&#8211; Avalia\u00e7\u00e3o de incidentes relacionados \u00e0 Lei Geral de Prote\u00e7\u00e3o de Dados (LGPD) e Regulamento Geral de Prote\u00e7\u00e3o de Dados (GDPR).<br \/>\n&#8211; Investiga\u00e7\u00e3o de vazamentos de informa\u00e7\u00f5es pessoais e corporativas, determinando a origem do incidente.<\/p>\n<p style=\"text-align: justify;\">\n<strong>Com\u00e9rcio Eletr\u00f4nico e Contratos Digitais:<\/strong><br \/>\n&#8211; Verifica\u00e7\u00e3o de autenticidade e integridade de contratos eletr\u00f4nicos.<br \/>\n&#8211; An\u00e1lise de registros transacionais e sistemas de pagamento online para identificar fraudes.<\/p>\n<p style=\"text-align: justify;\">\n<strong>Lit\u00edgios Trabalhistas e Monitoramento:<\/strong><br \/>\n&#8211; Avalia\u00e7\u00e3o de pr\u00e1ticas de monitoramento eletr\u00f4nico no ambiente de trabalho para verificar conformidade legal.<br \/>\n&#8211; Coleta de evid\u00eancias digitais em casos envolvendo impropriedades no uso de dispositivos corporativos.<\/p>\n<p style=\"text-align: justify;\">\n<strong>Compliance e Responsabilidade Corporativa:<\/strong><br \/>\n&#8211; Aux\u00edlio em auditorias relacionadas ao cumprimento de normativas e boas pr\u00e1ticas digitais.<br \/>\n&#8211; Identifica\u00e7\u00e3o de falhas em sistemas que possam comprometer a seguran\u00e7a e integridade de informa\u00e7\u00f5es corporativas.<\/p>\n<p style=\"text-align: justify;\">\n<strong>Fraudes Financeiras e Cont\u00e1beis:<\/strong><br \/>\n&#8211; Investiga\u00e7\u00e3o de fraudes cont\u00e1beis e financeiras envolvendo sistemas automatizados ou digitais.<br \/>\n&#8211; Coleta e an\u00e1lise de dados transacionais para identificar irregularidades.<\/p>\n<p style=\"text-align: justify;\">\n<strong>Concorr\u00eancia Desleal e Espionagem Corporativa:<\/strong><br \/>\n&#8211; Rastreamento de atividades de espionagem digital, como roubo de informa\u00e7\u00f5es confidenciais.<br \/>\n&#8211; Verifica\u00e7\u00e3o de uso indevido de dados ou sistemas que possam configurar pr\u00e1ticas desleais.<\/p>\n<p style=\"text-align: justify;\">\n<strong>Cal\u00fania, Difama\u00e7\u00e3o e Crimes contra a Honra Online:<\/strong><br \/>\n&#8211; An\u00e1lise de registros de redes sociais, f\u00f3runs e outras plataformas para identificar autores de publica\u00e7\u00f5es ofensivas.<br \/>\n&#8211; Recupera\u00e7\u00e3o de conte\u00fados exclu\u00eddos ou manipulados para compor provas.<\/div><\/div><\/div><\/div><\/div>\n","protected":false},"excerpt":{"rendered":"<p>\u00c1reas de Atua\u00e7\u00e3o Esferas do Direito: Criminal, C\u00edvel, Trabalhista, Eleitoral, de Fam\u00edlia, Tribut\u00e1rio e Digital Crimes Cibern\u00e9ticos: &#8211; Investiga\u00e7\u00e3o de ataques como phishing, ransomware, fraudes online e acessos n\u00e3o autorizados a sistemas. &#8211; An\u00e1lise de logs e rastreamento de atividades suspeitas para identificar respons\u00e1veis. &#8211; Coleta de evid\u00eancias digitais para uso em processos criminais. Propriedade&#8230;<\/p>\n","protected":false},"author":1,"featured_media":0,"parent":0,"menu_order":0,"comment_status":"closed","ping_status":"open","template":"","meta":[],"_links":{"self":[{"href":"http:\/\/petroni.com.br\/site\/wp-json\/wp\/v2\/pages\/7956"}],"collection":[{"href":"http:\/\/petroni.com.br\/site\/wp-json\/wp\/v2\/pages"}],"about":[{"href":"http:\/\/petroni.com.br\/site\/wp-json\/wp\/v2\/types\/page"}],"author":[{"embeddable":true,"href":"http:\/\/petroni.com.br\/site\/wp-json\/wp\/v2\/users\/1"}],"replies":[{"embeddable":true,"href":"http:\/\/petroni.com.br\/site\/wp-json\/wp\/v2\/comments?post=7956"}],"version-history":[{"count":13,"href":"http:\/\/petroni.com.br\/site\/wp-json\/wp\/v2\/pages\/7956\/revisions"}],"predecessor-version":[{"id":10050,"href":"http:\/\/petroni.com.br\/site\/wp-json\/wp\/v2\/pages\/7956\/revisions\/10050"}],"wp:attachment":[{"href":"http:\/\/petroni.com.br\/site\/wp-json\/wp\/v2\/media?parent=7956"}],"curies":[{"name":"wp","href":"https:\/\/api.w.org\/{rel}","templated":true}]}}