{"id":8022,"date":"2014-07-04T23:11:40","date_gmt":"2014-07-04T23:11:40","guid":{"rendered":"http:\/\/lawyers-attorneys.vamtam.com\/?page_id=8022"},"modified":"2017-04-10T16:41:51","modified_gmt":"2017-04-10T19:41:51","slug":"clients","status":"publish","type":"page","link":"http:\/\/petroni.com.br\/site\/clients\/","title":{"rendered":"Servi\u00e7os"},"content":{"rendered":"<div class=\"push\" style='height:30px'><\/div>\n\t\t<h2 class=\"text-divider-double\">\t\t\t\nExcel\u00eancia no atendimento em todos os casos:\t\t<\/h2>\t\t<div class=\"sep\"><\/div>\t\n<div class=\"row \"><div class=\"wpv-grid grid-1-3  wpv-first-level first unextended animation-from-bottom animated-active\" style=\"padding-top:0px;padding-bottom:0px\" id=\"wpv-column-6c5a3405fcc1af1f0fec3b1be942f76a\" ><div class=\"blockquote-list\"><blockquote class='clearfix small simple'><div class='quote-text'><div class=\"quote-content\"><div class=\"vamtam-font-style-1 with-color\">Assessoria e Consultoria Forense Computacional:<\/div>\r\n<span class='icon shortcode   use-hover' style='font-size:20px !important;color:#CCA876;'>&#57864;<\/span>\u00a0<span class='icon shortcode   use-hover' style='font-size:20px !important;color:#CCA876;'>&#57864;<\/span>\u00a0<span class='icon shortcode   use-hover' style='font-size:20px !important;color:#CCA876;'>&#57864;<\/span>\u00a0<span class='icon shortcode   use-hover' style='font-size:20px !important;color:#CCA876;'>&#57864;<\/span>\u00a0<span class='icon shortcode   use-hover' style='font-size:20px !important;color:#CCA876;'>&#57864;<\/span>\r\n<br \/><br \/>\r\nAcompanhamento e\/ou execu\u00e7\u00e3o de Dilig\u00eancias - Mandados de Busca e Apreens\u00e3o;\r\nAux\u00edlio t\u00e9cnico confec\u00e7\u00e3o de Pe\u00e7as Judiciais, A\u00e7\u00e3o de Busca e Apreens\u00e3o, Peti\u00e7\u00f5es de Impugna\u00e7\u00e3o e etc.;\r\nAn\u00e1lise t\u00e9cnica para cria\u00e7\u00e3o de Quesitos Complementares e\/ou Suplementares;\r\nAssist\u00eancia T\u00e9cnica Processual;\r\nLaudos e Contra-Laudos T\u00e9cnicos;<div class=\"only-title\"><strong class='quote-title'><span class='the-title'>\u2013 Assessoria e Consultoria<\/span><\/strong><\/div><\/div><\/div><\/blockquote><\/div><\/div>\n<div class=\"wpv-grid grid-1-3  wpv-first-level unextended animation-from-bottom animated-active\" style=\"padding-top:0px;padding-bottom:0px\" id=\"wpv-column-6fe2c8f000eb5bf60dad4047c918b9c3\" ><div class=\"blockquote-list\"><blockquote class='clearfix small simple'><div class='quote-text'><div class=\"quote-content\"><div class=\"vamtam-font-style-1 with-color\">Per\u00edcia Forense Computacional:<\/div>\r\n<span class='icon shortcode   use-hover' style='font-size:20px !important;color:#CCA876;'>&#57864;<\/span>\u00a0<span class='icon shortcode   use-hover' style='font-size:20px !important;color:#CCA876;'>&#57864;<\/span>\u00a0<span class='icon shortcode   use-hover' style='font-size:20px !important;color:#CCA876;'>&#57864;<\/span>\u00a0<span class='icon shortcode   use-hover' style='font-size:20px !important;color:#CCA876;'>&#57864;<\/span>\u00a0<span class='icon shortcode   use-hover' style='font-size:20px !important;color:#CCA876;'>&#57864;<\/span>\r\n<br \/><br \/>\r\nM\u00e9todos para preserva\u00e7\u00e3o, coleta, valida\u00e7\u00e3o, identifica\u00e7\u00e3o, an\u00e1lise, interpreta\u00e7\u00e3o, documenta\u00e7\u00e3o e apresenta\u00e7\u00e3o de evid\u00eancia digital;\r\nAn\u00e1lise e verifica\u00e7\u00e3o de Evid\u00eancia Digital: informa\u00e7\u00e3o armazenada ou transmitida em formatos ou meios digitais;\r\nCria\u00e7\u00e3o de conte\u00fados materiais de valor probat\u00f3rio que possam ser efetivamente isolados e extra\u00eddos correta e licitamente. Tais materiais podem ser apresentados em um tribunal de justi\u00e7a como prova de materialidade de um crime;<div class=\"only-title\"><strong class='quote-title'><span class='the-title'>\u2013 Per\u00edcia<\/span><\/strong><\/div><\/div><\/div><\/blockquote><\/div><\/div>\n<div class=\"wpv-grid grid-1-3  wpv-first-level unextended animation-from-bottom animated-active\" style=\"padding-top:0px;padding-bottom:0px\" id=\"wpv-column-9123f7660ffb24b6c80adb467b5b963e\" ><div class=\"blockquote-list\"><blockquote class='clearfix small simple'><div class='quote-text'><div class=\"quote-content\"><div class=\"vamtam-font-style-1 with-color\">Laudos Periciais, Contra Laudos e Pareceres T\u00e9cnicos:<\/div>\r\n<span class='icon shortcode   use-hover' style='font-size:20px !important;color:#CCA876;'>&#57864;<\/span>\u00a0<span class='icon shortcode   use-hover' style='font-size:20px !important;color:#CCA876;'>&#57864;<\/span>\u00a0<span class='icon shortcode   use-hover' style='font-size:20px !important;color:#CCA876;'>&#57864;<\/span>\u00a0<span class='icon shortcode   use-hover' style='font-size:20px !important;color:#CCA876;'>&#57864;<\/span>\u00a0<span class='icon shortcode   use-hover' style='font-size:20px !important;color:#CCA876;'>&#57864;<\/span>\r\n<br \/><br \/>\r\nAn\u00e1lises de Devices e perif\u00e9ricos: Smartphones, Tablets, Notebooks, Desktops, Servidores dentre outros;\r\nM\u00e9todos de modelos de armazenamentos como: Cloud Computing, Pen Drives, HDs Internos e Externos, etc;\r\nInvestiga\u00e7\u00f5es e engenharia social em redes sociais, como Facebook, Twitter, LinkedIn etc...;<div class=\"only-title\"><strong class='quote-title'><span class='the-title'>&#8211; Laudos e Pareceres T\u00e9cnicos<\/span><\/strong><\/div><\/div><\/div><\/blockquote><\/div><\/div><\/div>\n<div class=\"push\" style='height:30px'><\/div>\n<div class=\"row \"><div class=\"wpv-grid grid-1-1  wpv-first-level parallax-bg first has-background extended\" style=\"\n\t\t\t\tbackground: url( 'https:\/\/lawyers-attorneys.vamtam.com\/wp-content\/uploads\/2014\/09\/bg_1.jpg' ) no-repeat center top;\n\t\t\t\tbackground-size: cover;\n\t\t\tbackground-attachment: fixed;padding-top:0px;padding-bottom:50px\" id=\"CURTA, SIGA, COMPARTILHE\"  data-parallax-method=\"to-centre\" data-parallax-inertia=\"-0.2\"><div class=\"extended-column-inner\">\t\t<h2 class=\"text-divider-double\">\t\t\t\nCURTA, SIGA E COMPARTILHE\t\t<\/h2>\t\t<div class=\"sep\"><\/div>\t\n<div class=\"row \"><div class=\"wpv-grid grid-1-1  first unextended\" style=\"padding-top:0px;padding-bottom:0px\" id=\"wpv-column-8c147b9e60bc822b518c7ac028e129e4\" ><p align=\"center\"><a href=\"https:\/\/www.facebook.com\/cristiano.petroni.7\"> <span class='icon shortcode   use-hover' style='font-size:32px !important;color:#303030;'>&#58155;<\/span><\/a>\u00a0\u00a0\u00a0<a href=\"https:\/\/twitter.com\/forensesw\"><span class='icon shortcode   use-hover' style='font-size:32px !important;color:#303030;'>&#58159;<\/span><\/a>\u00a0\u00a0\u00a0<a href=\"https:\/\/www.linkedin.com\/in\/forensecomputacional\"><span class='icon shortcode   use-hover' style='font-size:32px !important;color:#303030;'>&#58209;<\/span><\/a>\u00a0\u00a0\u00a0<a href=\"mailto:cristiano@petroni.com.br\"><span class='icon shortcode   use-hover' style='font-size:32px !important;color:#303030;'>&#58145;<\/span><\/a><\/div><\/div><\/div><\/div><\/div>\n","protected":false},"excerpt":{"rendered":"<p>Laudos Periciais, Contra Laudos e Pareceres T\u00e9cnicos: \u00a0\u00a0\u00a0\u00a0 An\u00e1lises de Devices e perif\u00e9ricos: Smartphones, Tablets, Notebooks, Desktops, Servidores dentre outros; M\u00e9todos de modelos de armazenamentos como: Cloud Computing, Pen Drives, HDs Internos e Externos, etc; Investiga\u00e7\u00f5es e engenharia social em redes sociais, como Facebook, Twitter, LinkedIn etc&#8230;;<\/p>\n","protected":false},"author":1,"featured_media":0,"parent":0,"menu_order":0,"comment_status":"closed","ping_status":"open","template":"","meta":[],"_links":{"self":[{"href":"http:\/\/petroni.com.br\/site\/wp-json\/wp\/v2\/pages\/8022"}],"collection":[{"href":"http:\/\/petroni.com.br\/site\/wp-json\/wp\/v2\/pages"}],"about":[{"href":"http:\/\/petroni.com.br\/site\/wp-json\/wp\/v2\/types\/page"}],"author":[{"embeddable":true,"href":"http:\/\/petroni.com.br\/site\/wp-json\/wp\/v2\/users\/1"}],"replies":[{"embeddable":true,"href":"http:\/\/petroni.com.br\/site\/wp-json\/wp\/v2\/comments?post=8022"}],"version-history":[{"count":9,"href":"http:\/\/petroni.com.br\/site\/wp-json\/wp\/v2\/pages\/8022\/revisions"}],"predecessor-version":[{"id":9835,"href":"http:\/\/petroni.com.br\/site\/wp-json\/wp\/v2\/pages\/8022\/revisions\/9835"}],"wp:attachment":[{"href":"http:\/\/petroni.com.br\/site\/wp-json\/wp\/v2\/media?parent=8022"}],"curies":[{"name":"wp","href":"https:\/\/api.w.org\/{rel}","templated":true}]}}