{"id":9855,"date":"2017-07-25T12:53:45","date_gmt":"2017-07-25T15:53:45","guid":{"rendered":"http:\/\/forensecomputacional.net.br\/?page_id=9855"},"modified":"2017-07-25T13:20:24","modified_gmt":"2017-07-25T16:20:24","slug":"apresentacao","status":"publish","type":"page","link":"http:\/\/petroni.com.br\/site\/apresentacao\/","title":{"rendered":"Apresenta\u00e7\u00e3o"},"content":{"rendered":"<div class=\"row \"><div class=\"wpv-grid grid-1-1  wpv-first-level first unextended\" style=\"padding-top:0px;padding-bottom:0px\" id=\"wpv-column-3109384f20a9bb92a90fbb7532d27234\"  data-padding-top=\"-120\"><div class=\"row \"><div class=\"wpv-grid grid-1-1  first unextended\" style=\"padding-top:0px;padding-bottom:0px\" id=\"wpv-column-9a75fddb1009f4a956895afce26acb36\" >\n<div id=\"rev_slider_9_1_wrapper\" class=\"rev_slider_wrapper fullwidthbanner-container\" style=\"margin:0px auto;background-color:transparent;padding:0px;margin-top:0px;margin-bottom:0px;\">\n<!-- START REVOLUTION SLIDER 5.2.6 fullwidth mode -->\n\t<div id=\"rev_slider_9_1\" class=\"rev_slider fullwidthabanner\" style=\"display:none;\" data-version=\"5.2.6\">\n<ul>\t<!-- SLIDE  -->\n\t<li data-index=\"rs-21\" data-transition=\"fade\" data-slotamount=\"default\" data-hideafterloop=\"0\" data-hideslideonmobile=\"off\"  data-easein=\"default\" data-easeout=\"default\" data-masterspeed=\"300\"  data-rotate=\"0\"  data-saveperformance=\"off\"  data-title=\"Slide\" data-param1=\"\" data-param2=\"\" data-param3=\"\" data-param4=\"\" data-param5=\"\" data-param6=\"\" data-param7=\"\" data-param8=\"\" data-param9=\"\" data-param10=\"\" data-description=\"\">\n\t\t<!-- MAIN IMAGE -->\n\t\t<img src=\"http:\/\/petroni.com.br\/site\/wp-content\/uploads\/2017\/07\/slider-home-bg5.jpg\"  alt=\"\" title=\"slider-home-bg5\"  width=\"2000\" height=\"580\" data-bgposition=\"center center\" data-bgfit=\"cover\" data-bgrepeat=\"no-repeat\" class=\"rev-slidebg\" data-no-retina>\n\t\t<!-- LAYERS -->\n\n\t\t<!-- LAYER NR. 1 -->\n\t\t<div class=\"tp-caption   tp-resizeme\" \n\t\t\t id=\"slide-21-layer-1\" \n\t\t\t data-x=\"155\" \n\t\t\t data-y=\"132\" \n\t\t\t\t\t\tdata-width=\"['278']\"\n\t\t\tdata-height=\"['45']\"\n\t\t\tdata-transform_idle=\"o:1;\"\n \n\t\t\t data-transform_in=\"opacity:0;s:300;e:Power2.easeInOut;\" \n\t\t\t data-transform_out=\"opacity:0;s:300;\" \n\t\t\tdata-start=\"500\" \n\t\t\tdata-splitin=\"none\" \n\t\t\tdata-splitout=\"none\" \n\t\t\tdata-responsive_offset=\"on\" \n\n\t\t\t\n\t\t\tstyle=\"z-index: 5; min-width: 278px; max-width: 278px; max-width: 45px; max-width: 45px; white-space: normal; font-size: 40px; line-height: 22px; font-weight: 400; color: rgba(252, 252, 252, 1.00);\">Apresenta\u00e7\u00e3o <\/div>\n\n\t\t<!-- LAYER NR. 2 -->\n\t\t<span class=\"tp-caption   tp-resizeme\" \n\t\t\t id=\"slide-21-layer-2\" \n\t\t\t data-x=\"160\" \n\t\t\t data-y=\"209\" \n\t\t\t\t\t\tdata-width=\"['860']\"\n\t\t\tdata-height=\"['auto']\"\n\t\t\tdata-transform_idle=\"o:1;\"\n \n\t\t\t data-transform_in=\"opacity:0;s:1040;e:Power2.easeInOut;\" \n\t\t\t data-transform_out=\"opacity:0;s:300;\" \n\t\t\tdata-start=\"1100\" \n\t\t\tdata-splitin=\"none\" \n\t\t\tdata-splitout=\"none\" \n\t\t\tdata-responsive_offset=\"on\" \n\n\t\t\t\n\t\t\tstyle=\"z-index: 6; min-width: 860px; max-width: 860px; white-space: normal; font-size: 25px; line-height: 30px; font-weight: 400; color: rgba(63, 47, 47, 1.00);\"><div style=\"text-align:justify;\">Tendo em vista a cont\u00ednua expans\u00e3o do cen\u00e1rio tecnol\u00f3gico e consequentemente das crescentes demandas judiciais envolvendo Sistemas e Tecnologia da Informa\u00e7\u00e3o em suas mais diversas aplica\u00e7\u00f5es, conhe\u00e7a os Servi\u00e7os de Assist\u00eancia T\u00e9cnica Processual e Assessoria e Consultoria Forense em Tecnologia e Sistemas de Informa\u00e7\u00e3o.<\/div> <\/span>\n\t<\/li>\n<\/ul>\n<div class=\"tp-bannertimer tp-bottom\" style=\"visibility: hidden !important;\"><\/div>\t<\/div>\n<script>var htmlDiv = document.getElementById(\"rs-plugin-settings-inline-css\"); var htmlDivCss=\"\";\r\n\t\t\t\tif(htmlDiv) {\r\n\t\t\t\t\thtmlDiv.innerHTML = htmlDiv.innerHTML + htmlDivCss;\r\n\t\t\t\t}else{\r\n\t\t\t\t\tvar htmlDiv = document.createElement(\"div\");\r\n\t\t\t\t\thtmlDiv.innerHTML = \"<style>\" + htmlDivCss + \"<\/style>\";\r\n\t\t\t\t\tdocument.getElementsByTagName(\"head\")[0].appendChild(htmlDiv.childNodes[0]);\r\n\t\t\t\t}\r\n\t\t\t<\/script>\n\t\t<script type=\"text\/javascript\">\r\n\t\t\t\t\t\t\/******************************************\r\n\t\t\t\t-\tPREPARE PLACEHOLDER FOR SLIDER\t-\r\n\t\t\t******************************************\/\r\n\r\n\t\t\tvar setREVStartSize=function(){\r\n\t\t\t\ttry{var e=new Object,i=jQuery(window).width(),t=9999,r=0,n=0,l=0,f=0,s=0,h=0;\r\n\t\t\t\t\te.c = jQuery('#rev_slider_9_1');\r\n\t\t\t\t\te.gridwidth = [1240];\r\n\t\t\t\t\te.gridheight = [868];\r\n\t\t\t\t\t\t\t\r\n\t\t\t\t\te.sliderLayout = \"fullwidth\";\r\n\t\t\t\t\tif(e.responsiveLevels&&(jQuery.each(e.responsiveLevels,function(e,f){f>i&&(t=r=f,l=e),i>f&&f>r&&(r=f,n=e)}),t>r&&(l=n)),f=e.gridheight[l]||e.gridheight[0]||e.gridheight,s=e.gridwidth[l]||e.gridwidth[0]||e.gridwidth,h=i\/s,h=h>1?1:h,f=Math.round(h*f),\"fullscreen\"==e.sliderLayout){var u=(e.c.width(),jQuery(window).height());if(void 0!=e.fullScreenOffsetContainer){var c=e.fullScreenOffsetContainer.split(\",\");if (c) jQuery.each(c,function(e,i){u=jQuery(i).length>0?u-jQuery(i).outerHeight(!0):u}),e.fullScreenOffset.split(\"%\").length>1&&void 0!=e.fullScreenOffset&&e.fullScreenOffset.length>0?u-=jQuery(window).height()*parseInt(e.fullScreenOffset,0)\/100:void 0!=e.fullScreenOffset&&e.fullScreenOffset.length>0&&(u-=parseInt(e.fullScreenOffset,0))}f=u}else void 0!=e.minHeight&&f<e.minHeight&&(f=e.minHeight);e.c.closest(\".rev_slider_wrapper\").css({height:f})\r\n\t\t\t\t\t\r\n\t\t\t\t}catch(d){console.log(\"Failure at Presize of Slider:\"+d)}\r\n\t\t\t};\r\n\t\t\t\r\n\t\t\tsetREVStartSize();\r\n\t\t\t\r\n\t\t\t\t\t\tvar tpj=jQuery;\r\n\t\t\t\r\n\t\t\tvar revapi9;\r\n\t\t\ttpj(document).ready(function() {\n\t\t\t\tif(tpj(\"#rev_slider_9_1\").revolution == undefined){\n\t\t\t\t\trevslider_showDoubleJqueryError(\"#rev_slider_9_1\");\n\t\t\t\t}else{\n\t\t\t\t\trevapi9 = tpj(\"#rev_slider_9_1\").show().revolution({\n\t\t\t\t\t\tsliderType:\"hero\",\njsFileLocation:\"\/\/petroni.com.br\/site\/wp-content\/plugins\/revslider\/public\/assets\/js\/\",\n\t\t\t\t\t\tsliderLayout:\"fullwidth\",\n\t\t\t\t\t\tdottedOverlay:\"none\",\n\t\t\t\t\t\tdelay:9000,\n\t\t\t\t\t\tnavigation: {\n\t\t\t\t\t\t},\n\t\t\t\t\t\tvisibilityLevels:[1240,1024,778,480],\n\t\t\t\t\t\tgridwidth:1240,\n\t\t\t\t\t\tgridheight:868,\n\t\t\t\t\t\tlazyType:\"none\",\n\t\t\t\t\t\tshadow:0,\n\t\t\t\t\t\tspinner:\"spinner0\",\n\t\t\t\t\t\tautoHeight:\"off\",\n\t\t\t\t\t\tdisableProgressBar:\"on\",\n\t\t\t\t\t\thideThumbsOnMobile:\"off\",\n\t\t\t\t\t\thideSliderAtLimit:0,\n\t\t\t\t\t\thideCaptionAtLimit:0,\n\t\t\t\t\t\thideAllCaptionAtLilmit:0,\n\t\t\t\t\t\tdebugMode:false,\n\t\t\t\t\t\tfallbacks: {\n\t\t\t\t\t\t\tsimplifyAll:\"off\",\n\t\t\t\t\t\t\tdisableFocusListener:false,\n\t\t\t\t\t\t}\n\t\t\t\t\t});\n\t\t\t\t}\n\t\t\t});\t\/*ready*\/\n\t\t<\/script>\r\n\t\t<\/div><!-- END REVOLUTION SLIDER --><\/div><\/div><\/div><\/div>\n","protected":false},"excerpt":{"rendered":"<p>[\/column_1]<\/p>\n","protected":false},"author":1,"featured_media":0,"parent":0,"menu_order":0,"comment_status":"closed","ping_status":"closed","template":"","meta":[],"_links":{"self":[{"href":"http:\/\/petroni.com.br\/site\/wp-json\/wp\/v2\/pages\/9855"}],"collection":[{"href":"http:\/\/petroni.com.br\/site\/wp-json\/wp\/v2\/pages"}],"about":[{"href":"http:\/\/petroni.com.br\/site\/wp-json\/wp\/v2\/types\/page"}],"author":[{"embeddable":true,"href":"http:\/\/petroni.com.br\/site\/wp-json\/wp\/v2\/users\/1"}],"replies":[{"embeddable":true,"href":"http:\/\/petroni.com.br\/site\/wp-json\/wp\/v2\/comments?post=9855"}],"version-history":[{"count":43,"href":"http:\/\/petroni.com.br\/site\/wp-json\/wp\/v2\/pages\/9855\/revisions"}],"predecessor-version":[{"id":9905,"href":"http:\/\/petroni.com.br\/site\/wp-json\/wp\/v2\/pages\/9855\/revisions\/9905"}],"wp:attachment":[{"href":"http:\/\/petroni.com.br\/site\/wp-json\/wp\/v2\/media?parent=9855"}],"curies":[{"name":"wp","href":"https:\/\/api.w.org\/{rel}","templated":true}]}}