{"id":9907,"date":"2017-10-10T10:11:20","date_gmt":"2017-10-10T13:11:20","guid":{"rendered":"http:\/\/forensecomputacional.net.br\/?page_id=9907"},"modified":"2017-10-10T16:15:07","modified_gmt":"2017-10-10T19:15:07","slug":"midia","status":"publish","type":"page","link":"http:\/\/petroni.com.br\/site\/midia\/","title":{"rendered":"Imprensa"},"content":{"rendered":"<div class=\"push\" style='height:30px'><\/div>\n<div class=\"row \"><div class=\"wpv-grid grid-1-1  wpv-first-level first unextended\" style=\"padding-top:0px;padding-bottom:0px\" id=\"about-content\" ><div class=\"row \"><div class=\"wpv-grid grid-1-1  first unextended\" style=\"padding-top:0px;padding-bottom:0px\" id=\"wpv-column-61ef0f7bfae6acf4c2872c3252f1bc28\" ><div class=\"clearfix dropcap-wrapper\"><div class=\"dropcap-left\"><span class='dropcap1 '>E<\/span><\/div><div class=\"dropcap-text\">ntrevistas e palestras com o Perito<\/div> <\/div> <div class=\"push\" style='height:20px'><\/div><\/div><\/div><\/div><\/div>\n<div class=\"push\" style='height:30px'><\/div>\n<div class=\"row \"><div class=\"wpv-grid grid-1-3  wpv-first-level first unextended\" style=\"padding-top:0px;padding-bottom:0px\" id=\"wpv-column-e2c7ee649af2fb64eaa7964b914efe1c\" ><div class=\"row \"><div class=\"wpv-grid grid-1-1  first unextended\" style=\"padding-top:0px;padding-bottom:0px\" id=\"wpv-column-043965165c8049178bc15d3759f38ab9\" ><p style=\"text-align: left;\"><strong>Entrevista para o Jornal de Jundia\u00ed<\/strong><\/p>\n<p><a href=\"http:\/\/www.jj.com.br\/noticias-45962-onda-de-ciberataques-afeta-empresas-e-servicos-publicos-\" target=\"_blank\"><img loading=\"lazy\" class=\"alignnone size-medium wp-image-9916 alignleft\" src=\"http:\/\/forensecomputacional.net.br\/wp-content\/uploads\/2017\/10\/jj-300x188.jpg\" alt=\"jj\" width=\"300\" height=\"188\" srcset=\"http:\/\/petroni.com.br\/site\/wp-content\/uploads\/2017\/10\/jj-300x188.jpg 300w, http:\/\/petroni.com.br\/site\/wp-content\/uploads\/2017\/10\/jj-360x226.jpg 360w, http:\/\/petroni.com.br\/site\/wp-content\/uploads\/2017\/10\/jj-262x164.jpg 262w, http:\/\/petroni.com.br\/site\/wp-content\/uploads\/2017\/10\/jj.jpg 512w\" sizes=\"(max-width: 300px) 100vw, 300px\" \/><\/a><\/div><\/div><\/div>\n<div class=\"wpv-grid grid-1-3  wpv-first-level unextended\" style=\"padding-top:0px;padding-bottom:0px\" id=\"wpv-column-d3ac0af27ed423f88fea6f1d80d7f695\" ><div class=\"row \"><div class=\"wpv-grid grid-1-1  first unextended\" style=\"padding-top:0px;padding-bottom:0px\" id=\"wpv-column-de73645073fa0779cf9294c1f533d27b\" ><p><strong>Palestra &#8211; Per\u00edcia e a Forense Computacional<\/strong><br \/>\nEscola Sesi &#8211; Itatiba \/ Alunos 2\u00b0 ano Ensino M\u00e9dio<\/p>\n<p><img loading=\"lazy\" class=\"alignnone size-full wp-image-9931\" src=\"http:\/\/forensecomputacional.net.br\/wp-content\/uploads\/2017\/10\/perito3.jpg\" alt=\"perito3\" width=\"885\" height=\"473\" srcset=\"http:\/\/petroni.com.br\/site\/wp-content\/uploads\/2017\/10\/perito3.jpg 885w, http:\/\/petroni.com.br\/site\/wp-content\/uploads\/2017\/10\/perito3-300x160.jpg 300w, http:\/\/petroni.com.br\/site\/wp-content\/uploads\/2017\/10\/perito3-768x410.jpg 768w, http:\/\/petroni.com.br\/site\/wp-content\/uploads\/2017\/10\/perito3-555x297.jpg 555w, http:\/\/petroni.com.br\/site\/wp-content\/uploads\/2017\/10\/perito3-360x192.jpg 360w, http:\/\/petroni.com.br\/site\/wp-content\/uploads\/2017\/10\/perito3-262x140.jpg 262w\" sizes=\"(max-width: 885px) 100vw, 885px\" \/><\/p>\n<p><img loading=\"lazy\" class=\"alignnone size-full wp-image-9930\" src=\"http:\/\/forensecomputacional.net.br\/wp-content\/uploads\/2017\/10\/perito2.jpg\" alt=\"perito2\" width=\"874\" height=\"312\" srcset=\"http:\/\/petroni.com.br\/site\/wp-content\/uploads\/2017\/10\/perito2.jpg 874w, http:\/\/petroni.com.br\/site\/wp-content\/uploads\/2017\/10\/perito2-300x107.jpg 300w, http:\/\/petroni.com.br\/site\/wp-content\/uploads\/2017\/10\/perito2-768x274.jpg 768w, http:\/\/petroni.com.br\/site\/wp-content\/uploads\/2017\/10\/perito2-555x198.jpg 555w, http:\/\/petroni.com.br\/site\/wp-content\/uploads\/2017\/10\/perito2-360x129.jpg 360w, http:\/\/petroni.com.br\/site\/wp-content\/uploads\/2017\/10\/perito2-262x94.jpg 262w\" sizes=\"(max-width: 874px) 100vw, 874px\" \/><\/div><\/div><\/div>\n<div class=\"wpv-grid grid-1-3  wpv-first-level unextended\" style=\"padding-top:0px;padding-bottom:0px\" id=\"wpv-column-92882a0cbea1ece29ed0d82c10d5fe87\" ><div class=\"row \"><div class=\"wpv-grid grid-1-1  first unextended\" style=\"padding-top:0px;padding-bottom:0px\" id=\"wpv-column-a3cd5df1a205c4447b08a19b34ba4c1a\" ><p><strong>Programa Opini\u00e3o Livre &#8211; Cuidados na Internet<\/strong><\/p>\n<div class=\"wpv-video-frame\"><iframe loading=\"lazy\" width=\"1260\" height=\"945\" src=\"https:\/\/www.youtube.com\/embed\/iDNs7Ni32pY?feature=oembed\" frameborder=\"0\" allowfullscreen><\/iframe><\/div><\/div><\/div><\/div><\/div>\n<div class=\"row \"><div class=\"wpv-grid grid-1-3  wpv-first-level first unextended\" style=\"padding-top:0px;padding-bottom:0px\" id=\"wpv-column-5d1506a9ba5a2ca9b5bb02d950d45e75\" ><div class=\"row \"><div class=\"wpv-grid grid-1-1  first unextended\" style=\"padding-top:0px;padding-bottom:0px\" id=\"wpv-column-401482b577cfe882229610deb864da2f\" ><p><strong>R\u00e1dio Trianon &#8211; Perigos na Internet<br \/>\n<\/strong>Elis\u00e2ngela M\u00f4naco de Moraes e Benedito Cristiano Petroni<\/p>\n<div class=\"wpv-video-frame\"><iframe loading=\"lazy\" width=\"1260\" height=\"709\" src=\"https:\/\/www.youtube.com\/embed\/zmvmg4XAiYU?feature=oembed\" frameborder=\"0\" allowfullscreen><\/iframe><\/div><\/div><\/div><\/div><\/div>\n<div class=\"push\" style='margin-bottom:-32px'><\/div>\n<div class=\"push\" style='height:30px'><\/div>\n<div class=\"push\" style='height:32px'><\/div>\n<div class=\"sep\"><\/div>\n<div class=\"row \"><div class=\"wpv-grid grid-1-1  wpv-first-level first unextended animation-from-bottom animated-active\" style=\"padding-top:0px;padding-bottom:0px\" id=\"wpv-column-620a377e150d3dc7d8d815463bdbdf61\" ><div class=\"push\" style='height:20px'><\/div>\n<p><span class=\"vamtam-font-style-1 with-color\">\u201cNas \u00faltimas d\u00e9cadas tem-se notado uma explos\u00e3o do uso da tecnologia em todas as \u00e1reas profissionais, bem como no dia-a-dia das pessoas. N\u00e3o \u00e9 surpresa que os criminosos acompanham e at\u00e9 evoluem o emprego da tecnologia no planejamento e pr\u00e1tica de crimes.\u201d<\/span><\/div><\/div>\n<div class=\"push\" style='height:40px'><\/div>\n<div class=\"row \"><div class=\"wpv-grid grid-1-1  wpv-first-level parallax-bg first has-background extended\" style=\"\n\t\t\t\tbackground: url( 'https:\/\/lawyers-attorneys.vamtam.com\/wp-content\/uploads\/2014\/09\/bg_1.jpg' ) no-repeat center top;\n\t\t\t\tbackground-size: cover;\n\t\t\tbackground-attachment: fixed;padding-top:0px;padding-bottom:50px\" id=\"CURTA, SIGA, COMPARTILHE\"  data-parallax-method=\"to-centre\" data-parallax-inertia=\"-0.2\"><div class=\"extended-column-inner\">\t\t<h2 class=\"text-divider-double\">\t\t\t\nCURTA, SIGA E COMPARTILHE\t\t<\/h2>\t\t<div class=\"sep\"><\/div>\t\n<div class=\"row \"><div class=\"wpv-grid grid-1-1  first unextended\" style=\"padding-top:0px;padding-bottom:0px\" id=\"wpv-column-ea3d44a9d8e2f2b07f827f080227950e\" ><p align=\"center\"><a href=\"https:\/\/www.facebook.com\/cristiano.petroni.7\"><span class='icon shortcode   use-hover' style='font-size:32px !important;color:#303030;'>&#58155;<\/span><\/a>\u00a0\u00a0\u00a0<a href=\"https:\/\/twitter.com\/forensesw\"><span class='icon shortcode   use-hover' style='font-size:32px !important;color:#303030;'>&#58159;<\/span><\/a>\u00a0\u00a0\u00a0<a href=\"https:\/\/www.linkedin.com\/in\/forensecomputacional\"><span class='icon shortcode   use-hover' style='font-size:32px !important;color:#303030;'>&#58209;<\/span><\/a>\u00a0\u00a0\u00a0<a href=\"mailto:cristiano@petroni.com.br\"><span class='icon shortcode   use-hover' style='font-size:32px !important;color:#303030;'>&#58145;<\/span><\/a><\/div><\/div><\/div><\/div><\/div>\n","protected":false},"excerpt":{"rendered":"<p>[\/column_1] Entrevista para o Jornal de Jundia\u00ed [\/column_1] Palestra &#8211; Per\u00edcia e a Forense Computacional Escola Sesi &#8211; Itatiba \/ Alunos 2\u00b0 ano Ensino M\u00e9dio [\/column_1] Programa Opini\u00e3o Livre &#8211; Cuidados na Internet [\/column_1] R\u00e1dio Trianon &#8211; Perigos na Internet Elis\u00e2ngela M\u00f4naco de Moraes e Benedito Cristiano Petroni [\/column_1] \u201cNas \u00faltimas d\u00e9cadas tem-se notado uma&#8230;<\/p>\n","protected":false},"author":1,"featured_media":0,"parent":0,"menu_order":0,"comment_status":"closed","ping_status":"closed","template":"","meta":[],"_links":{"self":[{"href":"http:\/\/petroni.com.br\/site\/wp-json\/wp\/v2\/pages\/9907"}],"collection":[{"href":"http:\/\/petroni.com.br\/site\/wp-json\/wp\/v2\/pages"}],"about":[{"href":"http:\/\/petroni.com.br\/site\/wp-json\/wp\/v2\/types\/page"}],"author":[{"embeddable":true,"href":"http:\/\/petroni.com.br\/site\/wp-json\/wp\/v2\/users\/1"}],"replies":[{"embeddable":true,"href":"http:\/\/petroni.com.br\/site\/wp-json\/wp\/v2\/comments?post=9907"}],"version-history":[{"count":24,"href":"http:\/\/petroni.com.br\/site\/wp-json\/wp\/v2\/pages\/9907\/revisions"}],"predecessor-version":[{"id":9936,"href":"http:\/\/petroni.com.br\/site\/wp-json\/wp\/v2\/pages\/9907\/revisions\/9936"}],"wp:attachment":[{"href":"http:\/\/petroni.com.br\/site\/wp-json\/wp\/v2\/media?parent=9907"}],"curies":[{"name":"wp","href":"https:\/\/api.w.org\/{rel}","templated":true}]}}