{"id":9990,"date":"2021-06-11T13:53:43","date_gmt":"2021-06-11T16:53:43","guid":{"rendered":"http:\/\/forensecomputacional.net.br\/?page_id=9990"},"modified":"2024-11-27T18:29:24","modified_gmt":"2024-11-27T21:29:24","slug":"publicacoes","status":"publish","type":"page","link":"http:\/\/petroni.com.br\/site\/publicacoes\/","title":{"rendered":"Publica\u00e7\u00f5es"},"content":{"rendered":"<div class=\"push\" style='height:30px'><\/div>\n<div class=\"row \"><div class=\"wpv-grid grid-1-1  wpv-first-level first unextended\" style=\"padding-top:0px;padding-bottom:0px\" id=\"wpv-column-28a2ef05fff8059910a9550c9790d581\" ><h2>P\u00e1gina em atualiza\u00e7\u00e3o&#8230;<\/h2>\n<h3>Publica\u00e7\u00f5es<\/h3>\n<h4>Artigos Completos Publicados em Peri\u00f3dicos<\/h4>\n<ul>\n<li>PETRONI, AP., BENEDITO CRISTIANO; GON\u00c7ALVES, RODRIGO FRANCO ; S\u00c9RGIO DE ARRUDA IGN\u00c1CIO, PAULO ; Reis, Jacqueline Zonichenn ; DOLCE UZUM MARTINS, GERALDO JOSE . Smart contracts applied to a functional architecture for storage and maintenance of digital chain of custody using blockchain. <i>Forensic Science International-Digital Investigation<\/i>, v. 34, p. 300985, 2020.<\/li>\n<li>GON\u00c7ALVES, RODRIGO FRANCO ; MARTINS, GERALDO DOLCE ; Petroni, Benedito Cristiano . Blockchain in manufacturing revolution based on machine to machine transaction: a systematic review. <i>BRAZILIAN JOURNAL OF OPERATIONS &#038; PRODUCTION MANAGEMENT<\/i>, v. 16, p. 294-302, 2019.<\/li>\n<li>PETRONI AP., BENEDITO CRISTIANO; MONACO, ELISANGELA ; GON\u00c7ALVES, RODRIGO FRANCO . USO DE BLOCKCHAIN EM SMART CONTRACTS LOG\u00cdSTICOS: UMA REVIS\u00c3O SISTEM\u00c1TICA. <i>SOUTH AMERICAN DEVELOPMENT SOCIETY JOURNAL<\/i>, v. 4, p. 63, 2018.<\/li>\n<li>PETRONI, Benedito Cristiano Ap.; GONCALVEZ, R. F. ; GLORIA JUNIOR, I. . IMPACTO DA INTERNET DAS COISAS NA IND\u00daSTRIA 4.0: UMA REVIS\u00c3O SISTEM\u00c1TICA DA LITERATURA. <i>World Congress on Systems Engineering and Information Technology<\/i>, v. 1, p. 31, 2017.<\/li>\n<li>PETRONI, Benedito Cristiano Ap.; CASTRO, D. R. . PROCESSO ELETR\u00d4NICO NO TRIBUNAL DE CONTAS DO ESTADO DE S\u00c3O PAULO : LEGISLA\u00c7\u00c3O E SEGURAN\u00c7A JUR\u00cdDICA. <i>FaSCi-Tech<\/i>, v. 1, p. 19-33, 2016.<\/li>\n<li>PETRONI, Benedito Cristiano Ap.; SCHUSTER, C. E. ; Oliveira, Claudio L.V . AVALIA\u00c7\u00c3O DA USABILIDADE DA IDE ANDROID STUDIO. <i>REVISTA ELETR\u00d4NICA DE TECNOLOGIA E CUTURA<\/i>, v. 1, p. 132, 2014.<\/li>\n<li>PETRONI, Benedito Cristiano Ap. .CUSIN, A. ;  SCHUSTER, C. E. ; Oliveira, Claudio L.V . A IMPORT\u00c2NCIA DOS CURSOS TECNOL\u00d3GICOS EM TI PARA O MERCADO DE TRABALHO. <i>REVISTA ELETR\u00d4NICA DE TECNOLOGIA E CUTURA<\/i>, v. 1, p. 21-30, 2013.<\/li>\n<li>PETRONI, Benedito Cristiano Ap. .BATISTA, S. S. S. ; BAPTISTA, L. F. ;  NOVAS TECNOLOGIAS DE INFORMA\u00c7\u00c3O E DE COMUNICA\u00c7\u00c3O NA EDUCA\u00c7\u00c3O \u00c0 DIST\u00c2NCIA: LIMITES E POSSIBILIDADES DE UM CHATTERBOT COMO TUTOR DIGITAL. <i>WCCA &#8211; Congresso Mundial em Comunica\u00e7\u00e3o e Artes<\/i>, v. 3, p. 213-217, 2010.<\/li>\n<li>PETRONI, Benedito Cristiano Ap.; SANCHEZ, P. L. P. . ARQUITETURA DE AGENTES INTELIGENTES NO AUX\u00cdLIO A PER\u00cdCIA FORENSE COMPUTACIONAL. <i>Proceeding of the International Conference of Forensic Computer Science<\/i>, v. 01, p. 86-92, 2009.<\/li>\n<\/ul>\n<h4>Livros Publicados\/Organizados ou Edi\u00e7\u00f5es<\/h4>\n<ul>\n<li>PETRONI, Benedito Cristiano Aparecido. <b>Tecnologias Blockchain<\/b>. 1. ed. S\u00e3o Paulo: IBPTECH Faculdade de Ci\u00eancias Forenses e Tecnologia, 2024.<\/li>\n<li>PETRONI, Benedito Cristiano Aparecido. <b>Engenharia de Sistemas de Seguran\u00e7a com Aplica\u00e7\u00f5es de Intelig\u00eancia Artificial<\/b>. 1. ed. S\u00e3o Paulo: IBPTECH Faculdade de Ci\u00eancias Forenses e Tecnologia, 2024.<\/li>\n<li>PETRONI, Benedito Cristiano Ap.. <b>Opera\u00e7\u00e3o de data centers e governan\u00e7a de TI<\/b>. 1. ed. S\u00e3o Paulo: IBPTECH Faculdade de Ci\u00eancias Forenses e Tecnologia, 2020. 214p.<\/li>\n<li>PETRONI, Benedito Cristiano Ap.. <b>An\u00e1lise e gerenciamento de redes<\/b>. 1. ed. S\u00e3o Paulo: IBPTECH Faculdade de Ci\u00eancias Forenses e Tecnologia, 2020. 215p.<\/li>\n<li>GONCALVES, R. F. ; PETRONI, Benedito Cristiano Ap. ; GLORIA JUNIOR, I. . <b>IND\u00daSTRIA 4.0: CONCEITOS E FUNDAMENTOS<\/b>. 1. ed. S\u00e3o Paulo: Edegar Blucher Ltda, 2018. v. 1. 182p.<\/li>\n<li>OLIVEIRA, C. L. V. ; PETRONI, Benedito Cristiano Ap. ; LUHMANN, A. . <b>VISUAL STUDIO C #<\/b>. 1. ed. Rio de Janeiro: Editora Ci\u00eancia Moderna Ltda., 2015. v. 1. 165p.<\/li>\n<li>PETRONI, Benedito Cristiano Ap.; Oliveira, Claudio L.V . <b>JAVA PARA WEB: JAVA SERVER PAGES<\/b>. 1. ed. S\u00e3o Paulo: Editora Delfos, 2013.<\/li>\n<li>PETRONI, Benedito Cristiano Ap.; Oliveira, Claudio L.V ; LUHMANN, A. . <b>DESENVOLVIMENTO DE APLICA\u00c7\u00d5ES JAVA COM INTERFACE GR\u00c1FICA<\/b>. 1. ed. Jundia\u00ed: Edi\u00e7\u00f5es Brasil, 2013. 120p.<\/li>\n<li>PETRONI, Benedito Cristiano Ap.; Oliveira, Claudio L.V ; Carlos Eduardo Schuster . <b>PROGRAMA\u00c7\u00c3O PARA DISPOSITIVOS M\u00d3VEIS JAVA ME<\/b>. 1. ed. Jundia\u00ed: Edi\u00e7\u00f5es Brasil, 2013.<\/li>\n<li>PETRONI, Benedito Cristiano Ap.; Oliveira, Claudio L.V . <b>FUNDAMENTOS DE PROGRAMA\u00c7\u00c3O JAVA<\/b>. 1. ed. S\u00e3o Paulo: Editora Delfos, 2012.<\/li>\n<\/ul>\n<h4>Cap\u00edtulos de Livros Publicados<\/h4>\n<ul>\n<li>PETRONI, Benedito Cristiano Ap.; GONCALVES, R. F. . <b>Intelig\u00eancia Artificial<\/b>. In: M\u00e1rcia Terra da Silva, Rodrigo Franco Gon\u00e7alves, Silvia Helena Bonilla e Jos\u00e9 Benedito Sacomano. (Org.). Transforma\u00e7\u00e3o Digital e Ind\u00fastria 4.0: Produ\u00e7\u00e3o e Sociedade. 1ed.S\u00e3o Paulo: Editora Edgard Bl\u00fccher Ltda., 2023, v. 1, p. 1-10.<\/li>\n<li>PETRONI, Benedito Cristiano Ap.; GONCALVES, R. F. . <b>Blockchain<\/b>. In: M\u00e1rcia Terra da Silva, Rodrigo Franco Gon\u00e7alves, Silvia Helena Bonilla e Jos\u00e9 Benedito Sacomano. (Org.). Transforma\u00e7\u00e3o Digital e Ind\u00fastria 4.0: Produ\u00e7\u00e3o e Sociedade. 1ed.S\u00e3o Paulo: Editora Edgard Bl\u00fccher Ltda., 2023, v. 1, p. 11-20.<\/li>\n<li>Petroni, Benedito Cristiano Aparecido; Pfitzner, Mariana Savedra . <b>A Framework of Blockchain Technology for Public Management in Brazil<\/b>. <i>Public Administration and Information Technology<\/i>. 1ed.: Springer International Publishing, 2021, v. 32, p. 151-174.<\/li>\n<li>Martins, Geraldo Jose Dolce Uzum ; Reis, Jacqueline Zonichenn ; Petroni, Benedito Cristiano A. ; GON\u00c7ALVES, RODRIGO FRANCO ; Andrli\u00bf, Berislav . <b>Evaluating a Blockchain-Based Supply Chain Purchasing Process Through Simulation<\/b>. <i>IFIP Advances in Information and Communication Technology<\/i>.\n<li>Martins, Geraldo Jose Dolce Uzum ; Reis, Jacqueline Zonichenn ; Petroni, Benedito Cristiano A. ; GON\u00c7ALVES, RODRIGO FRANCO ; Andrli\u00bf, Berislav . <b>Evaluating a Blockchain-Based Supply Chain Purchasing Process Through Simulation<\/b>. <i>IFIP Advances in Information and Communication Technology<\/i>. 712ed.: Springer International Publishing, 2020, v. 591, p. 325-332.<\/li>\n<li>PETRONI, Benedito Cristiano. <b>Aplica\u00e7\u00e3o Das Tecnologias Blockchain E Smart Contracts Na Prote\u00e7\u00e3o De Infraestruturas Sist\u00eamicas Em Conson\u00e2ncia Com A Estrat\u00e9gia Nacional De Seguran\u00e7a Cibern\u00e9tica<\/b>. In: Renato Opice Blum, Shirly Wajsbrot. (Org.). <i>Estrat\u00e9gias Nacionais e Corporativas sobre Riscos e Seguran\u00e7a Cibern\u00e9tica<\/i>. 1ed.S\u00e3o Paulo: Thomson Reuters, 2020, v. , p. 325-.<\/li>\n<li>PETRONI, Benedito Cristiano A.; Reis, Jacqueline Zonichenn ; GON\u00c7ALVES, RODRIGO FRANCO . <b>Blockchain as an Internet of Services Application for an Advanced Manufacturing Environment<\/b>. <i>IFIP Advances in Information and Communication Technology<\/i>. 1ed.: Springer International Publishing, 2019, v. 567, p. 389-396.<\/li>\n<li>PETRONI, Benedito Cristiano A.; de Moraes, Elis\u00e2ngela M\u00f4naco ; GON\u00c7ALVES, RODRIGO FRANCO . <b>Big Data Analytics for Logistics and Distributions Using Blockchain<\/b>. <i>IFIP Advances in Information and Communication Technology<\/i>. 536ed.: Springer International Publishing, 2018, v. , p. 363-369.<\/li>\n<li>LUHMANN, A. ; SCHUSTER, C. E. ; OLIVEIRA, C. L. V. ; BAPTISTA, L. F. ; PETRONI, Benedito Cristiano Ap. . <b>DESENVOLVIMENTO PARA WINDOWS PHONE<\/b>. In: Carlos Eduardo Schuster, Luciana Ferreira Baptista, Cl\u00e1udio Luis Vieira Oliveira, \u00c2ngela Cristina de Oliveira L\u00fchman. (Org.). <i>Colet\u00e2nea de Aplicativos para Windows Phone Volume 2<\/i>. 1ed.Jundia\u00ed: Edi\u00e7\u00f5es Brasil, 2014, v. 2, p. 17-24.<\/li>\n<li>OLIVEIRA, Claudio L.V ; Carlos Eduardo Schuster ; BAPTISTA, L. F. ; PETRONI, Benedito Cristiano Ap. . <b>JOGO DA MEM\u00d3RIA<\/b>. In: Carlos Eduardo Schuster, Luciana Ferreira Baptista, Cl\u00e1udio Luis Vieira Oliveira. (Org.). <i>Jogo da Mem\u00f3ria<\/i>. 1ed.Jundia\u00ed: Edi\u00e7\u00f5es Brasil, 2013, v. , p. 106.<\/li>\n<\/ul><\/div><\/div>\n","protected":false},"excerpt":{"rendered":"<p>P\u00e1gina em atualiza\u00e7\u00e3o&#8230; Publica\u00e7\u00f5es Artigos Completos Publicados em Peri\u00f3dicos PETRONI, AP., BENEDITO CRISTIANO; GON\u00c7ALVES, RODRIGO FRANCO ; S\u00c9RGIO DE ARRUDA IGN\u00c1CIO, PAULO ; Reis, Jacqueline Zonichenn ; DOLCE UZUM MARTINS, GERALDO JOSE . Smart contracts applied to a functional architecture for storage and maintenance of digital chain of custody using blockchain. Forensic Science International-Digital Investigation,&#8230;<\/p>\n","protected":false},"author":1,"featured_media":0,"parent":0,"menu_order":0,"comment_status":"closed","ping_status":"closed","template":"","meta":[],"_links":{"self":[{"href":"http:\/\/petroni.com.br\/site\/wp-json\/wp\/v2\/pages\/9990"}],"collection":[{"href":"http:\/\/petroni.com.br\/site\/wp-json\/wp\/v2\/pages"}],"about":[{"href":"http:\/\/petroni.com.br\/site\/wp-json\/wp\/v2\/types\/page"}],"author":[{"embeddable":true,"href":"http:\/\/petroni.com.br\/site\/wp-json\/wp\/v2\/users\/1"}],"replies":[{"embeddable":true,"href":"http:\/\/petroni.com.br\/site\/wp-json\/wp\/v2\/comments?post=9990"}],"version-history":[{"count":5,"href":"http:\/\/petroni.com.br\/site\/wp-json\/wp\/v2\/pages\/9990\/revisions"}],"predecessor-version":[{"id":10058,"href":"http:\/\/petroni.com.br\/site\/wp-json\/wp\/v2\/pages\/9990\/revisions\/10058"}],"wp:attachment":[{"href":"http:\/\/petroni.com.br\/site\/wp-json\/wp\/v2\/media?parent=9990"}],"curies":[{"name":"wp","href":"https:\/\/api.w.org\/{rel}","templated":true}]}}